{"id":14,"date":"2018-10-30T23:24:01","date_gmt":"2018-10-30T23:24:01","guid":{"rendered":"https:\/\/corporacioncardenas.com\/?page_id=14"},"modified":"2025-05-21T17:41:14","modified_gmt":"2025-05-21T17:41:14","slug":"la-corporacion","status":"publish","type":"page","link":"https:\/\/corporacioncardenas.com\/?page_id=14","title":{"rendered":"La Corporaci\u00f3n"},"content":{"rendered":"<p><!DOCTYPE html><br \/>\n<html>\n<link rel=\"stylesheet\" href=\"https:\/\/use.fontawesome.com\/releases\/v5.5.0\/css\/all.css\" integrity=\"sha384-B4dIYHKNBt8Bc12p+WXckhzcICo0wtJAoU8YZTY5qE0Id1GSseTk6S+L3BlXeVIU\" crossorigin=\"anonymous\">\n<\/head><br \/>\n<body><\/p>\n<div class=\"su-tabs su-tabs-style-default su-tabs-mobile-stack su-tabs-vertical\" data-active=\"1\" data-scroll-offset=\"0\" data-anchor-in-url=\"no\"><div class=\"su-tabs-nav\"><span class=\"\" data-url=\"\" data-target=\"blank\" tabindex=\"0\" role=\"button\"><i class='fas fa-file-alt'><\/i> MENSAJE CORPORATIVO<\/span><span class=\" su-tabs-disabled\" data-url=\"\" data-target=\"blank\" tabindex=\"0\" role=\"button\"><i class='fas fa-building'><\/i> SOBRE NOSOTROS<\/span><span class=\" su-tabs-disabled\" data-url=\"\" data-target=\"blank\" tabindex=\"0\" role=\"button\"><i class='fas fa-user'><\/i> MISI\u00d3N, VISI\u00d3N Y VALORES<\/span><span class=\" su-tabs-disabled\" data-url=\"\" data-target=\"blank\" tabindex=\"0\" role=\"button\"><i class='fas fa-globe-americas'><\/i> NUESTROS MERCADOS<\/span><span class=\"\" data-url=\"\" data-target=\"blank\" tabindex=\"0\" role=\"button\"><i class='fas fa-map-marked-alt'><\/i> UBICACIONES<\/span><span class=\" su-tabs-disabled\" data-url=\"\" data-target=\"blank\" tabindex=\"0\" role=\"button\"><i class='fas fa-hands-helping'><\/i> RESPONSABILIDAD SOCIAL<\/span><\/div><div class=\"su-tabs-panes\"><div class=\"su-tabs-pane su-u-clearfix su-u-trim\" data-title=\"&lt;i class=&#039;fas fa-file-alt&#039;&gt;&lt;\/i&gt; MENSAJE CORPORATIVO\">\n<h3><i class='fas fa-file-alt'><\/i> Mensaje corporativo<\/h3>\n<p><img loading=\"lazy\" decoding=\"async\" src=\"https:\/\/corporacioncardenas.com\/wp-content\/uploads\/2022\/10\/Logo-CC-white-BG.png\" alt=\"\" width=\"150\" height=\"150\" class=\"aligncenter size-full wp-image-2475\" srcset=\"https:\/\/corporacioncardenas.com\/wp-content\/uploads\/2022\/10\/Logo-CC-white-BG.png 1500w, https:\/\/corporacioncardenas.com\/wp-content\/uploads\/2022\/10\/Logo-CC-white-BG-300x300.png 300w, https:\/\/corporacioncardenas.com\/wp-content\/uploads\/2022\/10\/Logo-CC-white-BG-1024x1024.png 1024w, https:\/\/corporacioncardenas.com\/wp-content\/uploads\/2022\/10\/Logo-CC-white-BG-150x150.png 150w, https:\/\/corporacioncardenas.com\/wp-content\/uploads\/2022\/10\/Logo-CC-white-BG-768x768.png 768w\" sizes=\"auto, (max-width: 150px) 100vw, 150px\" \/><\/p>\n<p>Corporaci\u00f3n C\u00e1rdenas cumple 62 a\u00f1os de ininterrumpida trayectoria.<\/p>\n<p>Al detenernos a pensar en cada uno de los d\u00edas transcurridos, resulta una tarea tit\u00e1nica poder enumerar todas las personas con las que hemos interactuado, las experiencias, aprendizajes y logros que hemos vivido a lo largo de todos y cada uno de estos a\u00f1os. El balance nos llena de orgullo: Nuestro crecimiento sostenido y el de nuestros clientes.<\/p>\n<p>Diversificaci\u00f3n, ahorro y productividad. Estas son las palabras motores que han impulsado a nuestra empresa a convertirse en el distribuidor l\u00edder de equipos bancarios y de oficina del territorio Venezolano durante estos 61 a\u00f1os de historia, que han convertido a nuestro nombre en nuestra principal marca y que nos comprometen a continuar nuestros planes de expansi\u00f3n en la regi\u00f3n, potenciados por grandes \u00e9xitos obtenidos en los pa\u00edses en los que operamos, tales como Per\u00fa y Colombia.<\/p>\n<p>El ser reconocidos por nuestro compromiso de distribuir una amplia gama de productos de la m\u00e1s alta tecnolog\u00eda y contar con un servicio basado en los m\u00e1s altos est\u00e1ndares internacionales, nos ha ubicado en una posici\u00f3n \u00fanica que nos permite brindar a nuestros clientes soluciones integrales dirigidas a facilitar sus operaciones diarias, garantiz\u00e1ndoles un ritmo de trabajo constante, el incremento de su productividad, as\u00ed como ahorro de tiempo y dinero.<\/p>\n<p>Con representaciones exclusivas de las m\u00e1s prestigiosas firmas internacionales, los precios m\u00e1s competitivos del mercado, y servicio a nivel nacional en cada uno de los territorios en los que hemos desarrollado nuestra corporaci\u00f3n, podemos afirmar con orgullo que la banca y compa\u00f1\u00edas transportistas de valores, gobierno, tiendas por departamento, cadenas de tiendas minoristas, casinos, empresas de seguros, embotelladoras, compa\u00f1\u00edas de telecomunicaciones y petroleras, han depositado su confianza en nuestra empresa como el proveedor confiable de soluciones para sus necesidades de manejo del dinero y equipamiento integral de oficinas, recibiendo de nosotros soluciones inteligentes que agregan valor a sus negocios.<\/p>\n<p>Aspiramos a un futuro en el que continuemos desarrollando y trayendo de todas partes del mundo soluciones innovadoras para Latinoam\u00e9rica, regi\u00f3n siempre \u00e1vida de nueva tecnolog\u00eda y en constante crecimiento econ\u00f3mico, y pedimos a Dios que nos permita seguir disfrutando la aventura familiar que empez\u00f3 hace m\u00e1s de medio siglo.<\/p>\n<p>Damos gracias a todos nuestros clientes, proveedores y a nuestro recurso humano, por el apoyo y la confianza depositada en el grupo de empresas de Corporaci\u00f3n C\u00e1rdenas y deseamos el mayor de los \u00e9xitos a las generaciones que continuar\u00e1n nuestra tarea, siempre apuntando a mantener nuestra visi\u00f3n a largo plazo.<\/p>\n<p><strong>Corporaci\u00f3n C\u00e1rdenas<\/strong><\/p>\n<\/div>\n<div class=\"su-tabs-pane su-u-clearfix su-u-trim\" data-title=\"&lt;i class=&#039;fas fa-building&#039;&gt;&lt;\/i&gt; SOBRE NOSOTROS\">\n<h3><i class='fas fa-building'><\/i> Sobre nosotros<\/h3>\n<p><img loading=\"lazy\" decoding=\"async\" src=\"https:\/\/corporacioncardenas.com\/wp-content\/uploads\/2022\/10\/LOGO-CORPORACION-CARDENAS-HEADER.png\" alt=\"\" width=\"1874\" height=\"248\" class=\"aligncenter size-full wp-image-2473\" srcset=\"https:\/\/corporacioncardenas.com\/wp-content\/uploads\/2022\/10\/LOGO-CORPORACION-CARDENAS-HEADER.png 1874w, https:\/\/corporacioncardenas.com\/wp-content\/uploads\/2022\/10\/LOGO-CORPORACION-CARDENAS-HEADER-300x40.png 300w, https:\/\/corporacioncardenas.com\/wp-content\/uploads\/2022\/10\/LOGO-CORPORACION-CARDENAS-HEADER-1024x136.png 1024w, https:\/\/corporacioncardenas.com\/wp-content\/uploads\/2022\/10\/LOGO-CORPORACION-CARDENAS-HEADER-768x102.png 768w, https:\/\/corporacioncardenas.com\/wp-content\/uploads\/2022\/10\/LOGO-CORPORACION-CARDENAS-HEADER-1536x203.png 1536w, https:\/\/corporacioncardenas.com\/wp-content\/uploads\/2022\/10\/LOGO-CORPORACION-CARDENAS-HEADER-1600x212.png 1600w\" sizes=\"auto, (max-width: 1874px) 100vw, 1874px\" \/><\/p>\n<\/div>\n<div class=\"su-tabs-pane su-u-clearfix su-u-trim\" data-title=\"&lt;i class=&#039;fas fa-user&#039;&gt;&lt;\/i&gt; MISI\u00d3N, VISI\u00d3N Y VALORES\">\n<h3><i class=\"fas fa-bullseye\"><\/i> Nuestra misi\u00f3n<\/h3>\n<p>Agregar valor a los negocios de nuestros clientes con soluciones de la m\u00e1s alta tecnolog\u00eda en equipos para el procesamiento del efectivo, y con soluciones innovadoras e inteligentes para espacios de oficinas, respaldados siempre por un servicio de clase mundial.<\/p>\n<h3><i class=\"fas fa-eye\"><\/i> Nuestra visi\u00f3n<\/h3>\n<p>Ser el proveedor l\u00edder en productos para el manejo del efectivo y en el equipamiento de oficinas con mobiliario y soluciones de alt\u00edsima calidad, basados siempre en una atenci\u00f3n inmediata a las necesidades de nuestros clientes, con la mayor \u00e9tica profesional, proactividad y dinamismo.<\/p>\n<h3><i class=\"fas fa-thumbs-up\"><\/i> Nuestros valores<\/h3>\n<p>Atenci\u00f3n esmerada y profesional a nuestros clientes con soluciones y servicio innovadores. Esta es la directriz que define a la Corporaci\u00f3n C\u00e1rdenas y su grupo de empresas en Latinoam\u00e9rica. Este pilar fundamental se relaciona con nuestra cultura corporativa, nos gu\u00eda en nuestras decisiones y ayuda a mantener a nuestro equipo trabajando juntos en la misma direcci\u00f3n.<\/p>\n<\/div>\n<div class=\"su-tabs-pane su-u-clearfix su-u-trim\" data-title=\"&lt;i class=&#039;fas fa-globe-americas&#039;&gt;&lt;\/i&gt; NUESTROS MERCADOS\">\n<h3><i class=\"fas fa-globe-americas\"><\/i> Nuestros mercados<\/h3>\n<p>En Corporaci\u00f3n C\u00e1rdenas ofrecemos programas centralizados de suministro de equipos de manejo de dinero, muebles y equipos de oficina y de seguridad a instituciones financieras, transportistas de valores, minoristas, petroleras, casinos, manufactureras y otras empresas con presencia en la regi\u00f3n. Nuestros clientes cuentan con nuestra red de servicio t\u00e9cnico especializado a nivel nacional, en manos de personal entrenado directamente por los fabricantes que representamos y dedicados atender sus necesidades de soporte, mantenimiento preventivo y correctivo.<\/p>\n<p>Asimismo atendemos las necesidades de la peque\u00f1a empresa y el p\u00fablico en general a trav\u00e9s de nuestros puntos de venta ubicados en Venezuela, Per\u00fa y Colombia, as\u00ed como por medio de nuestros distribuidores y revendedores en las regiones y pr\u00f3ximamente a trav\u00e9s de nuestro sistema de ventas en l\u00ednea. Nuestra amplia gama de productos ofrece soluciones integrales ajustadas a las necesidades y presupuesto de cada cliente. La comodidad de encontrarlo todo en un s\u00f3lo lugar y la tranquilidad de contar con un soporte t\u00e9cnico de primera calidad nos han convertido en el proveedor por excelencia de este sector.<\/p>\n<\/div>\n<div class=\"su-tabs-pane su-u-clearfix su-u-trim\" data-title=\"&lt;i class=&#039;fas fa-map-marked-alt&#039;&gt;&lt;\/i&gt; UBICACIONES\">\n<h3><i class=\"fas fa-map-marked-alt\"><\/i> Ubicaciones<\/h3>\n<div class=\"su-row\">\n<div class=\"su-column su-column-size-1-3\"><div class=\"su-column-inner su-u-clearfix su-u-trim\">\n<div class=\"texto-centrado\">\n<p><strong>VENEZUELA<\/strong><\/p>\n<\/div>\n<div class=\"ubicaciones-map-container\">\n<a href=\"https:\/\/www.google.com\/maps\/place\/Corporacion+Cardenas,+C.A.\/@10.4813081,-66.8588608,17z\/data=!3m1!4b1!4m5!3m4!1s0x8c2a58f7c29879e7:0x1348986ae6c94b3d!8m2!3d10.4813028!4d-66.8566721\" target=\"_blank\" rel=\"noopener\"><img decoding=\"async\" src=\"https:\/\/corporacioncardenas.com\/wp-content\/uploads\/2018\/11\/MAP-VE.png\" alt=\"\" class=\"ubicaciones-map-image\" \/><\/a>\n<\/div>\n<p><strong>Corporaci\u00f3n C\u00e1rdenas, C.A.<\/strong><br \/>\n<i class=\"fas fa-map-marker-alt\"><\/i> Calle Caron\u00ed, entre calles Madrid y Par\u00eds, Edif. Corporaci\u00f3n C\u00e1rdenas, Urb. Las Mercedes 1080, Caracas &#8211; Venezuela.<\/p>\n<\/div><\/div>\n<div class=\"su-column su-column-size-1-3\"><div class=\"su-column-inner su-u-clearfix su-u-trim\">\n<div class=\"texto-centrado\">\n<p><strong>PER\u00da<\/strong><\/p>\n<\/div>\n<div class=\"ubicaciones-map-container\">\n<a href=\"https:\/\/www.google.com\/maps\/place\/Centro+Empresarial+Real\/@-12.0968393,-77.0393635,17.06z\/data=!4m8!1m2!2m1!1scentro+empresarial+real+5+lima+peru!3m4!1s0x9105c85cda90c8a3:0x8e9e26653ef703d8!8m2!3d-12.0962389!4d-77.0369012\" target=\"_blank\" rel=\"noopener\"><img decoding=\"async\" src=\"https:\/\/corporacioncardenas.com\/wp-content\/uploads\/2018\/11\/MAP-PE.png\" alt=\"\" class=\"ubicaciones-map-image\" \/><\/a>\n<\/div>\n<p><strong>Corporaci\u00f3n C\u00e1rdenas del Per\u00fa, S.A.<\/strong><br \/>\n<i class=\"fas fa-map-marker-alt\"><\/i> Avenida Jorge Chavez 263, Edf Jorge Chavez, piso 4, Ofic 401, Miraflores. Lima \u2013 Per\u00fa.<\/p>\n<\/div><\/div>\n<div class=\"su-column su-column-size-1-3\"><div class=\"su-column-inner su-u-clearfix su-u-trim\">\n<div class=\"texto-centrado\">\n<p><strong>COLOMBIA<\/strong><\/p>\n<\/div>\n<div class=\"ubicaciones-map-container\">\n<a href=\"https:\/\/www.google.com\/maps\/place\/edificio+93b\/@4.6785169,-74.0522828,17z\/data=!4m8!1m2!2m1!1sEdificio+93B!3m4!1s0x8e3f9bc7a91b7bef:0xb6602cea55a8f555!8m2!3d4.6788036!4d-74.0499769\" target=\"_blank\" rel=\"noopener\"><img decoding=\"async\" src=\"https:\/\/corporacioncardenas.com\/wp-content\/uploads\/2018\/11\/MAP-CO.png\" alt=\"\" class=\"ubicaciones-map-image\" \/><\/a>\n<\/div>\n<p><strong>Organizaci\u00f3n C\u00e1rdenas de Colombia, S.A.S.<\/strong><br \/>\n<i class=\"fas fa-map-marker-alt\"><\/i> Carrera 14, No.93B-32, Edif. 93-B, Oficina 401, Bogot\u00e1 &#8211; Colombia.<\/p>\n<\/div><\/div>\n<\/div>\n<\/div>\n<div class=\"su-tabs-pane su-u-clearfix su-u-trim\" data-title=\"&lt;i class=&#039;fas fa-hands-helping&#039;&gt;&lt;\/i&gt; RESPONSABILIDAD SOCIAL\">\n<h3><i class=\"fas fa-hands-helping\"><\/i> Responsabilidad social<\/h3>\n<p>Con 59 a\u00f1os de historia en nuestro haber, en Corporaci\u00f3n C\u00e1rdenas estamos comprometidos a contribuir con nuestra comunidad y creemos con vehemencia en la solidaridad con los m\u00e1s necesitados y desprotegidos.<\/p>\n<p>Dentro de nuestras iniciativas de responsabilidad social, en Venezuela mantenemos planes de apoyo con aportes financieros a\u00a0organizaciones sin fines de lucro dedicadas al desarrollo comunitario; as\u00ed como donaciones de listas escolares y material deportivo para instituciones y familias.<\/p>\n<p>En el \u00e1mbito de la salud, hemos donado mobiliario para centros asistenciales a modo de facilitar la atenci\u00f3n a los pacientes, y realizamos aportes financieros para atender peticiones personales relacionadas con enfermedades, especialmente para tratamientos e intervenciones quir\u00fargicas de ni\u00f1os con enfermedades hemato-oncol\u00f3gicas.<\/p>\n<p>En relaci\u00f3n a la protecci\u00f3n del medio ambiente buscamos promover la participaci\u00f3n de nuestros empleados en campa\u00f1as de reciclaje, uso responsable del papel y de ahorro energ\u00e9tico.<\/p>\n<\/div><\/div><\/div>\n<p><\/body><\/p>\n","protected":false},"excerpt":{"rendered":"","protected":false},"author":1,"featured_media":0,"parent":6,"menu_order":1,"comment_status":"closed","ping_status":"closed","template":"","meta":{"footnotes":""},"class_list":["post-14","page","type-page","status-publish","hentry"],"_links":{"self":[{"href":"https:\/\/corporacioncardenas.com\/index.php?rest_route=\/wp\/v2\/pages\/14","targetHints":{"allow":["GET"]}}],"collection":[{"href":"https:\/\/corporacioncardenas.com\/index.php?rest_route=\/wp\/v2\/pages"}],"about":[{"href":"https:\/\/corporacioncardenas.com\/index.php?rest_route=\/wp\/v2\/types\/page"}],"author":[{"embeddable":true,"href":"https:\/\/corporacioncardenas.com\/index.php?rest_route=\/wp\/v2\/users\/1"}],"replies":[{"embeddable":true,"href":"https:\/\/corporacioncardenas.com\/index.php?rest_route=%2Fwp%2Fv2%2Fcomments&post=14"}],"version-history":[{"count":132,"href":"https:\/\/corporacioncardenas.com\/index.php?rest_route=\/wp\/v2\/pages\/14\/revisions"}],"predecessor-version":[{"id":2494,"href":"https:\/\/corporacioncardenas.com\/index.php?rest_route=\/wp\/v2\/pages\/14\/revisions\/2494"}],"up":[{"embeddable":true,"href":"https:\/\/corporacioncardenas.com\/index.php?rest_route=\/wp\/v2\/pages\/6"}],"wp:attachment":[{"href":"https:\/\/corporacioncardenas.com\/index.php?rest_route=%2Fwp%2Fv2%2Fmedia&parent=14"}],"curies":[{"name":"wp","href":"https:\/\/api.w.org\/{rel}","templated":true}]}}